{"id":2,"date":"2022-08-02T02:12:43","date_gmt":"2022-08-02T02:12:43","guid":{"rendered":"https:\/\/clinicaeleven.com\/?page_id=2"},"modified":"2023-01-30T16:06:08","modified_gmt":"2023-01-30T19:06:08","slug":"clinica-eleven","status":"publish","type":"page","link":"https:\/\/clinicaeleven.com\/","title":{"rendered":"Cl\u00ednica Eleven &#8211; Medicina Avan\u00e7ada \/ Dr Fernando Ros\u00e1rio"},"content":{"rendered":"\t\t<div data-elementor-type=\"wp-page\" data-elementor-id=\"2\" class=\"elementor elementor-2\">\n\t\t\t\t\t\t\t\t\t<section data-particle_enable=\"false\" data-particle-mobile-disabled=\"false\" class=\"has_ae_slider elementor-section elementor-top-section elementor-element elementor-element-1008ab6c elementor-section-height-min-height elementor-section-items-stretch elementor-section-content-space-between elementor-section-boxed elementor-section-height-default ae-bg-gallery-type-default\" data-id=\"1008ab6c\" data-element_type=\"section\" data-settings=\"{&quot;background_background&quot;:&quot;classic&quot;}\">\n\t\t\t\t\t\t<div class=\"elementor-container elementor-column-gap-no\">\n\t\t\t\t\t<div class=\"has_ae_slider elementor-column elementor-col-50 elementor-top-column elementor-element elementor-element-567a9cd2 ae-bg-gallery-type-default\" data-id=\"567a9cd2\" data-element_type=\"column\">\n\t\t\t<div class=\"elementor-widget-wrap elementor-element-populated\">\n\t\t\t\t\t\t\t\t<div class=\"elementor-element elementor-element-bc9c62e elementor-widget elementor-widget-image\" data-id=\"bc9c62e\" data-element_type=\"widget\" data-widget_type=\"image.default\">\n\t\t\t\t<div class=\"elementor-widget-container\">\n\t\t\t<style>\/*! elementor - v3.6.1 - 23-03-2022 *\/\n.elementor-widget-image{text-align:center}.elementor-widget-image a{display:inline-block}.elementor-widget-image a img[src$=\".svg\"]{width:48px}.elementor-widget-image img{vertical-align:middle;display:inline-block}<\/style>\t\t\t\t\t\t\t\t\t\t\t\t<img loading=\"lazy\" decoding=\"async\" width=\"800\" height=\"800\" src=\"https:\/\/clinicaeleven.com\/wp-content\/uploads\/2022\/08\/logobranco-1024x1024.png\" class=\"attachment-large size-large\" alt=\"Cl\u00ednica Eleven - Medicina Avan\u00e7ada \/ Dr Fernando Ros\u00e1rio\" srcset=\"https:\/\/clinicaeleven.com\/wp-content\/uploads\/2022\/08\/logobranco-1024x1024.png 1024w, https:\/\/clinicaeleven.com\/wp-content\/uploads\/2022\/08\/logobranco-300x300.png 300w, https:\/\/clinicaeleven.com\/wp-content\/uploads\/2022\/08\/logobranco-150x150.png 150w, https:\/\/clinicaeleven.com\/wp-content\/uploads\/2022\/08\/logobranco-768x768.png 768w, https:\/\/clinicaeleven.com\/wp-content\/uploads\/2022\/08\/logobranco-1536x1536.png 1536w, https:\/\/clinicaeleven.com\/wp-content\/uploads\/2022\/08\/logobranco.png 1613w\" sizes=\"auto, (max-width: 800px) 100vw, 800px\" \/>\t\t\t\t\t\t\t\t\t\t\t\t\t\t\t<\/div>\n\t\t\t\t<\/div>\n\t\t\t\t<section data-particle_enable=\"false\" data-particle-mobile-disabled=\"false\" class=\"has_ae_slider elementor-section elementor-inner-section elementor-element elementor-element-6acb3243 elementor-section-full_width elementor-section-height-default elementor-section-height-default ae-bg-gallery-type-default\" data-id=\"6acb3243\" data-element_type=\"section\">\n\t\t\t\t\t\t<div class=\"elementor-container elementor-column-gap-no\">\n\t\t\t\t\t<div class=\"has_ae_slider elementor-column elementor-col-100 elementor-inner-column elementor-element elementor-element-426d8875 ae-bg-gallery-type-default\" data-id=\"426d8875\" data-element_type=\"column\">\n\t\t\t<div class=\"elementor-widget-wrap elementor-element-populated\">\n\t\t\t\t\t\t\t\t<div class=\"elementor-element elementor-element-1c6b19dd elementor-widget__width-initial elementor-absolute elementor-hidden-desktop elementor-hidden-tablet elementor-hidden-mobile elementor-countdown--label-block elementor-widget elementor-widget-countdown\" data-id=\"1c6b19dd\" data-element_type=\"widget\" data-settings=\"{&quot;_position&quot;:&quot;absolute&quot;}\" data-widget_type=\"countdown.default\">\n\t\t\t\t<div class=\"elementor-widget-container\">\n\t\t\t<style>\/*! elementor-pro - v3.6.4 - 15-03-2022 *\/\n.elementor-widget-countdown .elementor-countdown-expire--message{display:none;padding:20px;text-align:center}.elementor-widget-countdown .elementor-countdown-wrapper{-webkit-box-orient:horizontal;-webkit-box-direction:normal;-ms-flex-direction:row;flex-direction:row}.elementor-widget-countdown .elementor-countdown-item{padding:20px 0;text-align:center;color:#fff}.elementor-widget-countdown .elementor-countdown-digits,.elementor-widget-countdown .elementor-countdown-label{line-height:1}.elementor-widget-countdown .elementor-countdown-digits{font-size:69px}.elementor-widget-countdown .elementor-countdown-label{font-size:19px}.elementor-widget-countdown.elementor-countdown--label-block .elementor-countdown-wrapper{display:-webkit-box;display:-ms-flexbox;display:flex;-webkit-box-pack:center;-ms-flex-pack:center;justify-content:center;margin-right:auto;margin-left:auto}.elementor-widget-countdown.elementor-countdown--label-block .elementor-countdown-digits,.elementor-widget-countdown.elementor-countdown--label-block .elementor-countdown-label{display:block}.elementor-widget-countdown.elementor-countdown--label-block .elementor-countdown-item{-ms-flex-preferred-size:0;flex-basis:0;-webkit-box-flex:1;-ms-flex-positive:1;flex-grow:1}.elementor-widget-countdown.elementor-countdown--label-inline{text-align:center}.elementor-widget-countdown.elementor-countdown--label-inline .elementor-countdown-item{display:inline-block;padding-left:5px;padding-right:5px}<\/style>\t\t<div class=\"elementor-countdown-wrapper\" data-date=\"1662997620\">\n\t\t\t<div class=\"elementor-countdown-item\"><span class=\"elementor-countdown-digits elementor-countdown-days\"><\/span> <span class=\"elementor-countdown-label\">Dias<\/span><\/div><div class=\"elementor-countdown-item\"><span class=\"elementor-countdown-digits elementor-countdown-hours\"><\/span> <span class=\"elementor-countdown-label\">Horas<\/span><\/div><div class=\"elementor-countdown-item\"><span class=\"elementor-countdown-digits elementor-countdown-minutes\"><\/span> <span class=\"elementor-countdown-label\">Minutos<\/span><\/div><div class=\"elementor-countdown-item\"><span class=\"elementor-countdown-digits elementor-countdown-seconds\"><\/span> <span class=\"elementor-countdown-label\">Segundos<\/span><\/div>\t\t<\/div>\n\t\t\t\t<\/div>\n\t\t\t\t<\/div>\n\t\t\t\t<div class=\"elementor-element elementor-element-27db2a85 animated-slow elementor-invisible elementor-widget elementor-widget-heading\" data-id=\"27db2a85\" data-element_type=\"widget\" data-settings=\"{&quot;_animation&quot;:&quot;fadeIn&quot;}\" data-widget_type=\"heading.default\">\n\t\t\t\t<div class=\"elementor-widget-container\">\n\t\t\t<style>\/*! elementor - v3.6.1 - 23-03-2022 *\/\n.elementor-heading-title{padding:0;margin:0;line-height:1}.elementor-widget-heading .elementor-heading-title[class*=elementor-size-]>a{color:inherit;font-size:inherit;line-height:inherit}.elementor-widget-heading .elementor-heading-title.elementor-size-small{font-size:15px}.elementor-widget-heading .elementor-heading-title.elementor-size-medium{font-size:19px}.elementor-widget-heading .elementor-heading-title.elementor-size-large{font-size:29px}.elementor-widget-heading .elementor-heading-title.elementor-size-xl{font-size:39px}.elementor-widget-heading .elementor-heading-title.elementor-size-xxl{font-size:59px}<\/style><h1 class=\"elementor-heading-title elementor-size-default\">Estamos desenvolvendo uma nova plataforma para voc\u00ea. Aguarde!<\/h1>\t\t<\/div>\n\t\t\t\t<\/div>\n\t\t\t\t<div class=\"elementor-element elementor-element-5957053b animated-slow elementor-invisible elementor-widget elementor-widget-text-editor\" data-id=\"5957053b\" data-element_type=\"widget\" data-settings=\"{&quot;_animation&quot;:&quot;fadeIn&quot;}\" data-widget_type=\"text-editor.default\">\n\t\t\t\t<div class=\"elementor-widget-container\">\n\t\t\t<style>\/*! elementor - v3.6.1 - 23-03-2022 *\/\n.elementor-widget-text-editor.elementor-drop-cap-view-stacked .elementor-drop-cap{background-color:#818a91;color:#fff}.elementor-widget-text-editor.elementor-drop-cap-view-framed .elementor-drop-cap{color:#818a91;border:3px solid;background-color:transparent}.elementor-widget-text-editor:not(.elementor-drop-cap-view-default) .elementor-drop-cap{margin-top:8px}.elementor-widget-text-editor:not(.elementor-drop-cap-view-default) .elementor-drop-cap-letter{width:1em;height:1em}.elementor-widget-text-editor .elementor-drop-cap{float:left;text-align:center;line-height:1;font-size:50px}.elementor-widget-text-editor .elementor-drop-cap-letter{display:inline-block}<\/style>\t\t\t\t<p>R. Domingos de Morais, 2187 &#8211; conjunto 221 &#8211; Vila Mariana, S\u00e3o Paulo &#8211; SP<\/p>\t\t\t\t\t\t<\/div>\n\t\t\t\t<\/div>\n\t\t\t\t<div class=\"elementor-element elementor-element-0ab29f8 ee-button-group-mobile-halign-center ee-button-group-gap-default elementor-widget elementor-widget-button-group\" data-id=\"0ab29f8\" data-element_type=\"widget\" data-settings=\"{&quot;trigger&quot;:&quot;mouseenter&quot;,&quot;trigger_tablet&quot;:&quot;click_target&quot;,&quot;trigger_mobile&quot;:&quot;click_target&quot;,&quot;_hide&quot;:&quot;mouseleave&quot;,&quot;_hide_tablet&quot;:&quot;click_out&quot;,&quot;_hide_mobile&quot;:&quot;click_out&quot;,&quot;position&quot;:&quot;bottom&quot;,&quot;delay_in&quot;:{&quot;unit&quot;:&quot;px&quot;,&quot;size&quot;:&quot;&quot;,&quot;sizes&quot;:[]},&quot;delay_out&quot;:{&quot;unit&quot;:&quot;px&quot;,&quot;size&quot;:&quot;&quot;,&quot;sizes&quot;:[]},&quot;duration&quot;:{&quot;unit&quot;:&quot;px&quot;,&quot;size&quot;:&quot;&quot;,&quot;sizes&quot;:[]}}\" data-widget_type=\"button-group.default\">\n\t\t\t\t<div class=\"elementor-widget-container\">\n\t\t\t<ul class=\"ee-button-group\"><li class=\"ee-button-gap elementor-repeater-item-e8e6ec0\">\n\t\t\t\t\t<a class=\"ee-button-wrapper ee-effect ee-effect-type--\" href=\"https:\/\/wa.me\/5511934848789\">\n\n\t\t\t\t\t\t<span class=\"ee-button ee-button-link ee-size-md\" data-label=\"Whatsapp\">\n\t\t\t\t\t\t\t<span class=\"ee-button-content-wrapper\"><span class=\"ee-button-text\">\n\t\t\t\t\t\t\t\t\tWhatsapp\t\t\t\t\t\t\t\t<\/span>\n\n\t\t\t\t\t\t\t\t\n\t\t\t\t\t\t\t<\/span>\n\t\t\t\t\t\t<\/span>\n\n\t\t\t\t\t<\/a>\n\t\t\t\t<\/li><li class=\"ee-button-gap elementor-repeater-item-025287c\">\n\t\t\t\t\t<a class=\"ee-button-wrapper ee-effect ee-effect-type--\" href=\"tel:11934848789\">\n\n\t\t\t\t\t\t<span class=\"ee-button ee-button-link ee-size-md\" data-label=\"Agende sua consulta\">\n\t\t\t\t\t\t\t<span class=\"ee-button-content-wrapper\"><span class=\"ee-button-text\">\n\t\t\t\t\t\t\t\t\tAgende sua consulta\t\t\t\t\t\t\t\t<\/span>\n\n\t\t\t\t\t\t\t\t\n\t\t\t\t\t\t\t<\/span>\n\t\t\t\t\t\t<\/span>\n\n\t\t\t\t\t<\/a>\n\t\t\t\t<\/li><\/ul>\n\t\t\t\t<\/div>\n\t\t\t\t<\/div>\n\t\t\t\t\t<\/div>\n\t\t<\/div>\n\t\t\t\t\t\t\t<\/div>\n\t\t<\/section>\n\t\t\t\t\t<\/div>\n\t\t<\/div>\n\t\t\t\t<div class=\"has_ae_slider elementor-column elementor-col-50 elementor-top-column elementor-element elementor-element-1ebd4fe0 ae-bg-gallery-type-default\" data-id=\"1ebd4fe0\" data-element_type=\"column\" data-settings=\"{&quot;background_background&quot;:&quot;classic&quot;}\">\n\t\t\t<div class=\"elementor-widget-wrap elementor-element-populated\">\n\t\t\t\t\t\t\t\t<div class=\"elementor-element elementor-element-22701c63 elementor-widget elementor-widget-spacer\" data-id=\"22701c63\" data-element_type=\"widget\" data-widget_type=\"spacer.default\">\n\t\t\t\t<div class=\"elementor-widget-container\">\n\t\t\t<style>\/*! elementor - v3.6.1 - 23-03-2022 *\/\n.e-container.e-container--row .elementor-spacer-inner{width:var(--spacer-size)}.e-container.e-container--column .elementor-spacer-inner,.elementor-column .elementor-spacer-inner{height:var(--spacer-size)}<\/style>\t\t<div class=\"elementor-spacer\">\n\t\t\t<div class=\"elementor-spacer-inner\"><\/div>\n\t\t<\/div>\n\t\t\t\t<\/div>\n\t\t\t\t<\/div>\n\t\t\t\t<div class=\"elementor-element elementor-element-59ec66ff elementor-widget__width-initial elementor-fixed elementor-widget-tablet__width-initial elementor-widget-mobile__width-initial animated-slow elementor-invisible elementor-widget elementor-widget-spacer\" data-id=\"59ec66ff\" data-element_type=\"widget\" data-settings=\"{&quot;_position&quot;:&quot;fixed&quot;,&quot;motion_fx_motion_fx_scrolling&quot;:&quot;yes&quot;,&quot;motion_fx_opacity_effect&quot;:&quot;yes&quot;,&quot;motion_fx_opacity_level&quot;:{&quot;unit&quot;:&quot;px&quot;,&quot;size&quot;:&quot;4&quot;,&quot;sizes&quot;:[]},&quot;motion_fx_opacity_range&quot;:{&quot;unit&quot;:&quot;%&quot;,&quot;size&quot;:&quot;&quot;,&quot;sizes&quot;:{&quot;start&quot;:&quot;97&quot;,&quot;end&quot;:&quot;100&quot;}},&quot;motion_fx_devices&quot;:[&quot;mobile&quot;],&quot;_animation&quot;:&quot;fadeInRight&quot;,&quot;_animation_delay&quot;:&quot;500&quot;,&quot;motion_fx_opacity_direction&quot;:&quot;out-in&quot;}\" data-widget_type=\"spacer.default\">\n\t\t\t\t<div class=\"elementor-widget-container\">\n\t\t\t\t\t<div class=\"elementor-spacer\">\n\t\t\t<div class=\"elementor-spacer-inner\"><\/div>\n\t\t<\/div>\n\t\t\t\t<\/div>\n\t\t\t\t<\/div>\n\t\t\t\t<div class=\"elementor-element elementor-element-6248dec4 elementor-widget__width-auto elementor-widget-mobile__width-initial elementor-widget elementor-widget-heading\" data-id=\"6248dec4\" data-element_type=\"widget\" data-widget_type=\"heading.default\">\n\t\t\t\t<div class=\"elementor-widget-container\">\n\t\t\t<p class=\"elementor-heading-title elementor-size-large\">\u00a9 2022 Cl\u00ednica Eleven - Dr Fernando Ros\u00e1rio<\/p>\t\t<\/div>\n\t\t\t\t<\/div>\n\t\t\t\t\t<\/div>\n\t\t<\/div>\n\t\t\t\t\t\t\t<\/div>\n\t\t<\/section>\n\t\t\t\t\t\t\t<\/div>\n\t\t","protected":false},"excerpt":{"rendered":"<p>Dias Horas Minutos Segundos Estamos desenvolvendo uma nova plataforma para voc\u00ea. Aguarde! R. Domingos de Morais, 2187 &#8211; conjunto 221 &#8211; Vila Mariana, S\u00e3o Paulo &#8211; SP Whatsapp Agende sua consulta \u00a9 2022 Cl\u00ednica Eleven &#8211; Dr Fernando Ros\u00e1rio<\/p>\n","protected":false},"author":1,"featured_media":0,"parent":0,"menu_order":0,"comment_status":"closed","ping_status":"closed","template":"elementor_canvas","meta":{"footnotes":""},"class_list":["post-2","page","type-page","status-publish","hentry"],"yoast_head":"<!-- This site is optimized with the Yoast SEO Premium plugin v18.7 (Yoast SEO v19.0) - https:\/\/yoast.com\/wordpress\/plugins\/seo\/ -->\n<title>Cl\u00ednica Eleven - Medicina Avan\u00e7ada \/ Dr Fernando Ros\u00e1rio - Clinica Eleven<\/title>\n<meta name=\"robots\" content=\"index, follow, max-snippet:-1, max-image-preview:large, max-video-preview:-1\" \/>\n<link rel=\"canonical\" href=\"https:\/\/clinicaeleven.com\/\" \/>\n<meta property=\"og:locale\" content=\"pt_BR\" \/>\n<meta property=\"og:type\" content=\"article\" \/>\n<meta property=\"og:title\" content=\"Cl\u00ednica Eleven - Medicina Avan\u00e7ada \/ Dr Fernando Ros\u00e1rio\" \/>\n<meta property=\"og:description\" content=\"Dias Horas Minutos Segundos Estamos desenvolvendo uma nova plataforma para voc\u00ea. Aguarde! R. Domingos de Morais, 2187 &#8211; conjunto 221 &#8211; Vila Mariana, S\u00e3o Paulo &#8211; SP Whatsapp Agende sua consulta \u00a9 2022 Cl\u00ednica Eleven &#8211; Dr Fernando Ros\u00e1rio\" \/>\n<meta property=\"og:url\" content=\"https:\/\/clinicaeleven.com\/\" \/>\n<meta property=\"og:site_name\" content=\"Clinica Eleven\" \/>\n<meta property=\"article:publisher\" content=\"https:\/\/www.facebook.com\/elevenclinica\" \/>\n<meta property=\"article:modified_time\" content=\"2023-01-30T19:06:08+00:00\" \/>\n<meta property=\"og:image\" content=\"https:\/\/clinicaeleven.com\/wp-content\/uploads\/2022\/08\/logobranco-1024x1024.png\" \/>\n<meta name=\"twitter:card\" content=\"summary_large_image\" \/>\n<meta name=\"twitter:label1\" content=\"Est. tempo de leitura\" \/>\n\t<meta name=\"twitter:data1\" content=\"1 minuto\" \/>\n<script type=\"application\/ld+json\" class=\"yoast-schema-graph\">{\"@context\":\"https:\/\/schema.org\",\"@graph\":[{\"@type\":\"Organization\",\"@id\":\"https:\/\/clinicaeleven.com\/#organization\",\"name\":\"Cl\u00ednica Eleven\",\"url\":\"https:\/\/clinicaeleven.com\/\",\"sameAs\":[\"https:\/\/www.instagram.com\/clinica_eleven\/\",\"https:\/\/www.facebook.com\/elevenclinica\"],\"logo\":{\"@type\":\"ImageObject\",\"inLanguage\":\"pt-BR\",\"@id\":\"https:\/\/clinicaeleven.com\/#\/schema\/logo\/image\/\",\"url\":\"https:\/\/clinicaeleven.com\/wp-content\/uploads\/2022\/08\/clinica-eleven.png\",\"contentUrl\":\"https:\/\/clinicaeleven.com\/wp-content\/uploads\/2022\/08\/clinica-eleven.png\",\"width\":1613,\"height\":1612,\"caption\":\"Cl\u00ednica Eleven\"},\"image\":{\"@id\":\"https:\/\/clinicaeleven.com\/#\/schema\/logo\/image\/\"}},{\"@type\":\"WebSite\",\"@id\":\"https:\/\/clinicaeleven.com\/#website\",\"url\":\"https:\/\/clinicaeleven.com\/\",\"name\":\"Clinica Eleven\",\"description\":\"Medicina Avan\u00e7ada - Dr Fernando Ros\u00e1rio\",\"publisher\":{\"@id\":\"https:\/\/clinicaeleven.com\/#organization\"},\"potentialAction\":[{\"@type\":\"SearchAction\",\"target\":{\"@type\":\"EntryPoint\",\"urlTemplate\":\"https:\/\/clinicaeleven.com\/?s={search_term_string}\"},\"query-input\":\"required name=search_term_string\"}],\"inLanguage\":\"pt-BR\"},{\"@type\":\"ImageObject\",\"inLanguage\":\"pt-BR\",\"@id\":\"https:\/\/clinicaeleven.com\/#primaryimage\",\"url\":\"https:\/\/clinicaeleven.com\/wp-content\/uploads\/2022\/08\/logobranco.png\",\"contentUrl\":\"https:\/\/clinicaeleven.com\/wp-content\/uploads\/2022\/08\/logobranco.png\",\"width\":1613,\"height\":1612,\"caption\":\"Cl\u00ednica Eleven - Medicina Avan\u00e7ada \/ Dr Fernando Ros\u00e1rio\"},{\"@type\":\"WebPage\",\"@id\":\"https:\/\/clinicaeleven.com\/#webpage\",\"url\":\"https:\/\/clinicaeleven.com\/\",\"name\":\"Cl\u00ednica Eleven - Medicina Avan\u00e7ada \/ Dr Fernando Ros\u00e1rio - Clinica Eleven\",\"isPartOf\":{\"@id\":\"https:\/\/clinicaeleven.com\/#website\"},\"primaryImageOfPage\":{\"@id\":\"https:\/\/clinicaeleven.com\/#primaryimage\"},\"datePublished\":\"2022-08-02T02:12:43+00:00\",\"dateModified\":\"2023-01-30T19:06:08+00:00\",\"breadcrumb\":{\"@id\":\"https:\/\/clinicaeleven.com\/#breadcrumb\"},\"inLanguage\":\"pt-BR\",\"potentialAction\":[{\"@type\":\"ReadAction\",\"target\":[\"https:\/\/clinicaeleven.com\/\"]}]},{\"@type\":\"BreadcrumbList\",\"@id\":\"https:\/\/clinicaeleven.com\/#breadcrumb\",\"itemListElement\":[{\"@type\":\"ListItem\",\"position\":1,\"name\":\"Home\",\"item\":\"https:\/\/clinicaeleven.com\/\"},{\"@type\":\"ListItem\",\"position\":2,\"name\":\"Cl\u00ednica Eleven &#8211; Medicina Avan\u00e7ada \/ Dr Fernando Ros\u00e1rio\"}]}]}<\/script>\n<!-- \/ Yoast SEO Premium plugin. -->","yoast_head_json":{"title":"Cl\u00ednica Eleven - Medicina Avan\u00e7ada \/ Dr Fernando Ros\u00e1rio - Clinica Eleven","robots":{"index":"index","follow":"follow","max-snippet":"max-snippet:-1","max-image-preview":"max-image-preview:large","max-video-preview":"max-video-preview:-1"},"canonical":"https:\/\/clinicaeleven.com\/","og_locale":"pt_BR","og_type":"article","og_title":"Cl\u00ednica Eleven - Medicina Avan\u00e7ada \/ Dr Fernando Ros\u00e1rio","og_description":"Dias Horas Minutos Segundos Estamos desenvolvendo uma nova plataforma para voc\u00ea. Aguarde! R. Domingos de Morais, 2187 &#8211; conjunto 221 &#8211; Vila Mariana, S\u00e3o Paulo &#8211; SP Whatsapp Agende sua consulta \u00a9 2022 Cl\u00ednica Eleven &#8211; Dr Fernando Ros\u00e1rio","og_url":"https:\/\/clinicaeleven.com\/","og_site_name":"Clinica Eleven","article_publisher":"https:\/\/www.facebook.com\/elevenclinica","article_modified_time":"2023-01-30T19:06:08+00:00","og_image":[{"url":"https:\/\/clinicaeleven.com\/wp-content\/uploads\/2022\/08\/logobranco-1024x1024.png"}],"twitter_card":"summary_large_image","twitter_misc":{"Est. tempo de leitura":"1 minuto"},"schema":{"@context":"https:\/\/schema.org","@graph":[{"@type":"Organization","@id":"https:\/\/clinicaeleven.com\/#organization","name":"Cl\u00ednica Eleven","url":"https:\/\/clinicaeleven.com\/","sameAs":["https:\/\/www.instagram.com\/clinica_eleven\/","https:\/\/www.facebook.com\/elevenclinica"],"logo":{"@type":"ImageObject","inLanguage":"pt-BR","@id":"https:\/\/clinicaeleven.com\/#\/schema\/logo\/image\/","url":"https:\/\/clinicaeleven.com\/wp-content\/uploads\/2022\/08\/clinica-eleven.png","contentUrl":"https:\/\/clinicaeleven.com\/wp-content\/uploads\/2022\/08\/clinica-eleven.png","width":1613,"height":1612,"caption":"Cl\u00ednica Eleven"},"image":{"@id":"https:\/\/clinicaeleven.com\/#\/schema\/logo\/image\/"}},{"@type":"WebSite","@id":"https:\/\/clinicaeleven.com\/#website","url":"https:\/\/clinicaeleven.com\/","name":"Clinica Eleven","description":"Medicina Avan\u00e7ada - Dr Fernando Ros\u00e1rio","publisher":{"@id":"https:\/\/clinicaeleven.com\/#organization"},"potentialAction":[{"@type":"SearchAction","target":{"@type":"EntryPoint","urlTemplate":"https:\/\/clinicaeleven.com\/?s={search_term_string}"},"query-input":"required name=search_term_string"}],"inLanguage":"pt-BR"},{"@type":"ImageObject","inLanguage":"pt-BR","@id":"https:\/\/clinicaeleven.com\/#primaryimage","url":"https:\/\/clinicaeleven.com\/wp-content\/uploads\/2022\/08\/logobranco.png","contentUrl":"https:\/\/clinicaeleven.com\/wp-content\/uploads\/2022\/08\/logobranco.png","width":1613,"height":1612,"caption":"Cl\u00ednica Eleven - Medicina Avan\u00e7ada \/ Dr Fernando Ros\u00e1rio"},{"@type":"WebPage","@id":"https:\/\/clinicaeleven.com\/#webpage","url":"https:\/\/clinicaeleven.com\/","name":"Cl\u00ednica Eleven - Medicina Avan\u00e7ada \/ Dr Fernando Ros\u00e1rio - Clinica Eleven","isPartOf":{"@id":"https:\/\/clinicaeleven.com\/#website"},"primaryImageOfPage":{"@id":"https:\/\/clinicaeleven.com\/#primaryimage"},"datePublished":"2022-08-02T02:12:43+00:00","dateModified":"2023-01-30T19:06:08+00:00","breadcrumb":{"@id":"https:\/\/clinicaeleven.com\/#breadcrumb"},"inLanguage":"pt-BR","potentialAction":[{"@type":"ReadAction","target":["https:\/\/clinicaeleven.com\/"]}]},{"@type":"BreadcrumbList","@id":"https:\/\/clinicaeleven.com\/#breadcrumb","itemListElement":[{"@type":"ListItem","position":1,"name":"Home","item":"https:\/\/clinicaeleven.com\/"},{"@type":"ListItem","position":2,"name":"Cl\u00ednica Eleven &#8211; Medicina Avan\u00e7ada \/ Dr Fernando Ros\u00e1rio"}]}]}},"_links":{"self":[{"href":"https:\/\/clinicaeleven.com\/index.php\/wp-json\/wp\/v2\/pages\/2","targetHints":{"allow":["GET"]}}],"collection":[{"href":"https:\/\/clinicaeleven.com\/index.php\/wp-json\/wp\/v2\/pages"}],"about":[{"href":"https:\/\/clinicaeleven.com\/index.php\/wp-json\/wp\/v2\/types\/page"}],"author":[{"embeddable":true,"href":"https:\/\/clinicaeleven.com\/index.php\/wp-json\/wp\/v2\/users\/1"}],"replies":[{"embeddable":true,"href":"https:\/\/clinicaeleven.com\/index.php\/wp-json\/wp\/v2\/comments?post=2"}],"version-history":[{"count":24,"href":"https:\/\/clinicaeleven.com\/index.php\/wp-json\/wp\/v2\/pages\/2\/revisions"}],"predecessor-version":[{"id":152,"href":"https:\/\/clinicaeleven.com\/index.php\/wp-json\/wp\/v2\/pages\/2\/revisions\/152"}],"wp:attachment":[{"href":"https:\/\/clinicaeleven.com\/index.php\/wp-json\/wp\/v2\/media?parent=2"}],"curies":[{"name":"wp","href":"https:\/\/api.w.org\/{rel}","templated":true}]}}